{"id":14,"date":"2024-12-06T20:19:53","date_gmt":"2024-12-06T20:19:53","guid":{"rendered":"https:\/\/bkhana.cz\/?page_id=14"},"modified":"2026-04-21T18:36:20","modified_gmt":"2026-04-21T18:36:20","slug":"domu","status":"publish","type":"page","link":"https:\/\/bkhana.cz\/","title":{"rendered":"Dom\u016f"},"content":{"rendered":"\t\t<div data-elementor-type=\"wp-page\" data-elementor-id=\"14\" class=\"elementor elementor-14\">\n\t\t\t\t<div class=\"elementor-element elementor-element-01993a5 e-con-full e-flex e-con e-parent\" data-id=\"01993a5\" data-element_type=\"container\" data-e-type=\"container\">\n\t\t\t\t<div class=\"elementor-element elementor-element-895cb87 elementor-widget__width-inherit elementor-widget elementor-widget-image\" data-id=\"895cb87\" data-element_type=\"widget\" data-e-type=\"widget\" data-widget_type=\"image.default\">\n\t\t\t\t<div class=\"elementor-widget-container\">\n\t\t\t\t\t\t\t\t\t\t\t\t\t\t\t<img fetchpriority=\"high\" decoding=\"async\" width=\"1920\" height=\"1324\" src=\"https:\/\/bkhana.cz\/wp-content\/uploads\/2024\/12\/B0bonsai_klub_hana_combined.jpg\" class=\"attachment-full size-full wp-image-156\" alt=\"\" srcset=\"https:\/\/bkhana.cz\/wp-content\/uploads\/2024\/12\/B0bonsai_klub_hana_combined.jpg 1920w, https:\/\/bkhana.cz\/wp-content\/uploads\/2024\/12\/B0bonsai_klub_hana_combined-300x207.jpg 300w, https:\/\/bkhana.cz\/wp-content\/uploads\/2024\/12\/B0bonsai_klub_hana_combined-1024x706.jpg 1024w, https:\/\/bkhana.cz\/wp-content\/uploads\/2024\/12\/B0bonsai_klub_hana_combined-768x530.jpg 768w, https:\/\/bkhana.cz\/wp-content\/uploads\/2024\/12\/B0bonsai_klub_hana_combined-1536x1059.jpg 1536w\" sizes=\"(max-width: 1920px) 100vw, 1920px\" \/>\t\t\t\t\t\t\t\t\t\t\t\t\t\t\t<\/div>\n\t\t\t\t<\/div>\n\t\t\t\t<\/div>\n\t\t<div class=\"elementor-element elementor-element-a9b24be e-flex e-con-boxed e-con e-parent\" data-id=\"a9b24be\" data-element_type=\"container\" data-e-type=\"container\" id=\"o-nas\">\n\t\t\t\t\t<div class=\"e-con-inner\">\n\t\t\t\t<div class=\"elementor-element elementor-element-3bfac1b elementor-widget elementor-widget-text-editor\" data-id=\"3bfac1b\" data-element_type=\"widget\" data-e-type=\"widget\" id=\"o-nas\" data-widget_type=\"text-editor.default\">\n\t\t\t\t<div class=\"elementor-widget-container\">\n\t\t\t\t\t\t\t\t\t<h2>\u00a0<\/h2><h1 style=\"text-align: center;\">O n\u00e1s<\/h1>\t\t\t\t\t\t\t\t<\/div>\n\t\t\t\t<\/div>\n\t\t\t\t\t<\/div>\n\t\t\t\t<\/div>\n\t\t<div class=\"elementor-element elementor-element-91a81fa e-flex e-con-boxed e-con e-parent\" data-id=\"91a81fa\" data-element_type=\"container\" data-e-type=\"container\">\n\t\t\t\t\t<div class=\"e-con-inner\">\n\t\t\t\t<div class=\"elementor-element elementor-element-6de9d4a elementor-widget elementor-widget-text-editor\" data-id=\"6de9d4a\" data-element_type=\"widget\" data-e-type=\"widget\" data-widget_type=\"text-editor.default\">\n\t\t\t\t<div class=\"elementor-widget-container\">\n\t\t\t\t\t\t\t\t\t<p style=\"text-align: justify;\"><strong>Jsme nad\u0161enci, kamar\u00e1di, sousedi, kter\u00e9 k\u00a0sob\u011b spojila kr\u00e1sa bonsaj\u00ed a touha jim porozum\u011bt. Vznik nad\u0161en\u00ed pro bonsaje nejde p\u0159esn\u011b stanovit. Bylo v\u00a0n\u00e1s u\u017e d\u00e1vno, nejstar\u0161\u00ed \u010dlenov\u00e9 klubu za\u010d\u00ednali s bonsajemi od roku 1990.<\/strong><\/p><p style=\"text-align: justify;\"><strong>Bonsaj klubu Han\u00e1 pak vznik\u00e1 v\u00a0n\u00e1sleduj\u00edc\u00edch letech. Ofici\u00e1ln\u011b jeho vznik datujeme na rok 2010, kdy se bonsajisti\u010dt\u00ed nad\u0161enci dohodli na zalo\u017een\u00ed klubu, kter\u00fd se stal sou\u010d\u00e1st\u00ed \u00a0\u010cesk\u00e9ho zahr\u00e1dk\u00e1\u0159sk\u00e9ho svazu p\u0159i m\u00edstn\u00ed z\u00e1kladn\u00ed organizac\u00ed \u010cZS v\u00a0Prost\u011bjov\u011b. Za\u010dali vyu\u017e\u00edvat prostory \u010cZS na Daliborce v Prost\u011bjov\u011b, jako klubov\u00e9 z\u00e1zem\u00ed pro tvorbu, po\u0159\u00e1d\u00e1n\u00ed spole\u010dn\u00fdch akci a z\u00edsk\u00e1v\u00e1n\u00ed a p\u0159ed\u00e1v\u00e1n\u00ed\u00a0 zku\u0161enost\u00ed v\u00a0r\u00e1mci bonsajistiky.<\/strong><\/p><p style=\"text-align: justify;\"><strong>Klub jako takov\u00fd reprezentuj\u00ed \u010dlenov\u00e9 sv\u00fdmi stromy na v\u00fdstav\u00e1ch Bonsaj\u00ed po\u0159\u00e1dan\u00fdch \u010cBA a EBA a tak\u00e9 ji\u017e p\u00e1r des\u00edtek let sami po\u0159\u00e1daj\u00ed v\u00fdstavy na st\u0159edn\u00ed Morav\u011b (Prost\u011bjov, Konice, Bu\u010dovice, Vy\u0161kov, Olomouc a dal\u0161\u00edch m\u00edstech.<\/strong><\/p><p style=\"text-align: justify;\"><strong>Klub jako takov\u00fd nen\u00ed uzav\u0159en\u00e1 spole\u010dnost a r\u00e1di mezi sebou uv\u00edt\u00e1me z\u00e1jemce o tento kr\u00e1sn\u00fd kon\u00ed\u010dek. Na\u0161i zku\u0161en\u00ed bonsajist\u00e9 r\u00e1di p\u0159ed\u00e1vaj\u00ed sv\u00e9 zku\u0161enosti a pom\u00e1haj\u00ed za\u010d\u00ednaj\u00edc\u00edm p\u011bstitel\u016fm v um\u011bn\u00ed tvorby bonsaj\u00ed.<\/strong><\/p>\t\t\t\t\t\t\t\t<\/div>\n\t\t\t\t<\/div>\n\t\t\t\t<div class=\"elementor-element elementor-element-608ca8b elementor-align-center elementor-widget elementor-widget-button\" data-id=\"608ca8b\" data-element_type=\"widget\" data-e-type=\"widget\" data-widget_type=\"button.default\">\n\t\t\t\t<div class=\"elementor-widget-container\">\n\t\t\t\t\t\t\t\t\t<div class=\"elementor-button-wrapper\">\n\t\t\t\t\t<a class=\"elementor-button elementor-button-link elementor-size-sm\" href=\"https:\/\/bkhana.cz\/?page_id=142\">\n\t\t\t\t\t\t<span class=\"elementor-button-content-wrapper\">\n\t\t\t\t\t\t\t\t\t<span class=\"elementor-button-text\">V\u00edce informac\u00ed<\/span>\n\t\t\t\t\t<\/span>\n\t\t\t\t\t<\/a>\n\t\t\t\t<\/div>\n\t\t\t\t\t\t\t\t<\/div>\n\t\t\t\t<\/div>\n\t\t\t\t\t<\/div>\n\t\t\t\t<\/div>\n\t\t<div class=\"elementor-element elementor-element-2a5e3b1 e-flex e-con-boxed e-con e-parent\" data-id=\"2a5e3b1\" data-element_type=\"container\" data-e-type=\"container\" id=\"aktuality\">\n\t\t\t\t\t<div class=\"e-con-inner\">\n\t\t\t\t<div class=\"elementor-element elementor-element-77d6c30 elementor-widget elementor-widget-text-editor\" data-id=\"77d6c30\" data-element_type=\"widget\" data-e-type=\"widget\" data-widget_type=\"text-editor.default\">\n\t\t\t\t<div class=\"elementor-widget-container\">\n\t\t\t\t\t\t\t\t\t<h2 style=\"text-align: center;\">\u00a0Aktuality<\/h2><h2 style=\"text-align: left;\"><span style=\"color: #ff0000;\">\ud83e\udee0Dubnov\u00e1 sch\u016fze 14.5.2026 v\u00a017:00 hod. na Daliborce. \ud83e\udee0<\/span><\/h2><h2>\ud83e\udee0\u00a0<span style=\"color: #ff0000;\">D\u016fle\u017eit\u00e1 \u00fa\u010dast\u00a0<\/span>\ud83e\udee0<span style=\"color: #ff0000;\">p\u0159\u00edprava v\u00fdstavy Konice 2026 !!!\u00a0 \u00a0<\/span><\/h2>\t\t\t\t\t\t\t\t<\/div>\n\t\t\t\t<\/div>\n\t\t\t\t\t<\/div>\n\t\t\t\t<\/div>\n\t\t<div class=\"elementor-element elementor-element-bbaffa7 e-grid e-con-boxed e-con e-parent\" data-id=\"bbaffa7\" data-element_type=\"container\" data-e-type=\"container\">\n\t\t\t\t\t<div class=\"e-con-inner\">\n\t\t\t\t<div class=\"elementor-element elementor-element-b6e086c elementor-widget elementor-widget-image\" data-id=\"b6e086c\" data-element_type=\"widget\" data-e-type=\"widget\" data-widget_type=\"image.default\">\n\t\t\t\t<div class=\"elementor-widget-container\">\n\t\t\t\t\t\t\t\t\t\t\t\t\t\t\t<img decoding=\"async\" width=\"768\" height=\"1086\" src=\"https:\/\/bkhana.cz\/wp-content\/uploads\/2026\/03\/Vystava-BONSAJI-Konice-2026-768x1086.png\" class=\"attachment-medium_large size-medium_large wp-image-922\" alt=\"\" srcset=\"https:\/\/bkhana.cz\/wp-content\/uploads\/2026\/03\/Vystava-BONSAJI-Konice-2026-768x1086.png 768w, https:\/\/bkhana.cz\/wp-content\/uploads\/2026\/03\/Vystava-BONSAJI-Konice-2026-212x300.png 212w, https:\/\/bkhana.cz\/wp-content\/uploads\/2026\/03\/Vystava-BONSAJI-Konice-2026-724x1024.png 724w, https:\/\/bkhana.cz\/wp-content\/uploads\/2026\/03\/Vystava-BONSAJI-Konice-2026-1086x1536.png 1086w, https:\/\/bkhana.cz\/wp-content\/uploads\/2026\/03\/Vystava-BONSAJI-Konice-2026-1448x2048.png 1448w, https:\/\/bkhana.cz\/wp-content\/uploads\/2026\/03\/Vystava-BONSAJI-Konice-2026.png 1587w\" sizes=\"(max-width: 768px) 100vw, 768px\" \/>\t\t\t\t\t\t\t\t\t\t\t\t\t\t\t<\/div>\n\t\t\t\t<\/div>\n\t\t\t\t\t<\/div>\n\t\t\t\t<\/div>\n\t\t<div class=\"elementor-element elementor-element-ccf6858 e-flex e-con-boxed e-con e-parent\" data-id=\"ccf6858\" data-element_type=\"container\" data-e-type=\"container\">\n\t\t\t\t\t<div class=\"e-con-inner\">\n\t\t<div class=\"elementor-element elementor-element-6883daa e-con-full e-flex e-con e-child\" data-id=\"6883daa\" data-element_type=\"container\" data-e-type=\"container\">\n\t\t\t\t<div class=\"elementor-element elementor-element-c0fb333 elementor-widget elementor-widget-image\" data-id=\"c0fb333\" data-element_type=\"widget\" data-e-type=\"widget\" data-widget_type=\"image.default\">\n\t\t\t\t<div class=\"elementor-widget-container\">\n\t\t\t\t\t\t\t\t\t\t\t\t\t\t\t\t<a href=\"https:\/\/bkhana.cz\/?page_id=178\">\n\t\t\t\t\t\t\t<img decoding=\"async\" width=\"640\" height=\"360\" src=\"https:\/\/bkhana.cz\/wp-content\/uploads\/2024\/12\/schuze.jpg\" class=\"attachment-medium_large size-medium_large wp-image-239\" alt=\"\" srcset=\"https:\/\/bkhana.cz\/wp-content\/uploads\/2024\/12\/schuze.jpg 640w, https:\/\/bkhana.cz\/wp-content\/uploads\/2024\/12\/schuze-300x169.jpg 300w\" sizes=\"(max-width: 640px) 100vw, 640px\" \/>\t\t\t\t\t\t\t\t<\/a>\n\t\t\t\t\t\t\t\t\t\t\t\t\t\t\t<\/div>\n\t\t\t\t<\/div>\n\t\t\t\t<div class=\"elementor-element elementor-element-bc3ff59 elementor-widget elementor-widget-heading\" data-id=\"bc3ff59\" data-element_type=\"widget\" data-e-type=\"widget\" data-widget_type=\"heading.default\">\n\t\t\t\t<div class=\"elementor-widget-container\">\n\t\t\t\t\t<h5 class=\"elementor-heading-title elementor-size-default\"><a href=\"https:\/\/bkhana.cz\/?page_id=178\">Klubov\u00e9 sch\u016fze 2026<\/a><\/h5>\t\t\t\t<\/div>\n\t\t\t\t<\/div>\n\t\t\t\t<\/div>\n\t\t\t\t\t<\/div>\n\t\t\t\t<\/div>\n\t\t<div class=\"elementor-element elementor-element-b7fe635 e-flex e-con-boxed e-con e-parent\" data-id=\"b7fe635\" data-element_type=\"container\" data-e-type=\"container\">\n\t\t\t\t\t<div class=\"e-con-inner\">\n\t\t<div class=\"elementor-element elementor-element-15e02e0 e-con-full e-flex e-con e-child\" data-id=\"15e02e0\" data-element_type=\"container\" data-e-type=\"container\">\n\t\t\t\t<div class=\"elementor-element elementor-element-ce51e0f elementor-widget elementor-widget-image\" data-id=\"ce51e0f\" data-element_type=\"widget\" data-e-type=\"widget\" data-widget_type=\"image.default\">\n\t\t\t\t<div class=\"elementor-widget-container\">\n\t\t\t\t\t\t\t\t\t\t\t\t\t\t\t\t<a href=\"https:\/\/bkhana.cz\/?page_id=227\">\n\t\t\t\t\t\t\t<img loading=\"lazy\" decoding=\"async\" width=\"300\" height=\"225\" src=\"https:\/\/bkhana.cz\/wp-content\/uploads\/2025\/09\/2_result-300x225.jpg\" class=\"attachment-medium size-medium wp-image-792\" alt=\"\" srcset=\"https:\/\/bkhana.cz\/wp-content\/uploads\/2025\/09\/2_result-300x225.jpg 300w, https:\/\/bkhana.cz\/wp-content\/uploads\/2025\/09\/2_result-768x576.jpg 768w, https:\/\/bkhana.cz\/wp-content\/uploads\/2025\/09\/2_result.jpg 1024w\" sizes=\"(max-width: 300px) 100vw, 300px\" \/>\t\t\t\t\t\t\t\t<\/a>\n\t\t\t\t\t\t\t\t\t\t\t\t\t\t\t<\/div>\n\t\t\t\t<\/div>\n\t\t\t\t<div class=\"elementor-element elementor-element-1f5c4b8 elementor-widget elementor-widget-heading\" data-id=\"1f5c4b8\" data-element_type=\"widget\" data-e-type=\"widget\" data-widget_type=\"heading.default\">\n\t\t\t\t<div class=\"elementor-widget-container\">\n\t\t\t\t\t<h5 class=\"elementor-heading-title elementor-size-default\"><a href=\"https:\/\/bkhana.cz\/?page_id=227\">Pl\u00e1novan\u00e9 v\u00fdstavy 2026<\/a><\/h5>\t\t\t\t<\/div>\n\t\t\t\t<\/div>\n\t\t\t\t<\/div>\n\t\t\t\t\t<\/div>\n\t\t\t\t<\/div>\n\t\t<div class=\"elementor-element elementor-element-ffea0f1 e-flex e-con-boxed e-con e-parent\" data-id=\"ffea0f1\" data-element_type=\"container\" data-e-type=\"container\">\n\t\t\t\t\t<div class=\"e-con-inner\">\n\t\t<div class=\"elementor-element elementor-element-323acb9 e-con-full e-flex e-con e-child\" data-id=\"323acb9\" data-element_type=\"container\" data-e-type=\"container\">\n\t\t\t\t<div class=\"elementor-element elementor-element-ab832c7 elementor-widget elementor-widget-image\" data-id=\"ab832c7\" data-element_type=\"widget\" data-e-type=\"widget\" data-widget_type=\"image.default\">\n\t\t\t\t<div class=\"elementor-widget-container\">\n\t\t\t\t\t\t\t\t\t\t\t\t\t\t\t\t<a href=\"https:\/\/bkhana.cz\/?page_id=233\">\n\t\t\t\t\t\t\t<img loading=\"lazy\" decoding=\"async\" width=\"300\" height=\"300\" src=\"https:\/\/bkhana.cz\/wp-content\/uploads\/2024\/12\/dilna-300x300.jpg\" class=\"attachment-medium size-medium wp-image-256\" alt=\"\" srcset=\"https:\/\/bkhana.cz\/wp-content\/uploads\/2024\/12\/dilna-300x300.jpg 300w, https:\/\/bkhana.cz\/wp-content\/uploads\/2024\/12\/dilna-1024x1024.jpg 1024w, https:\/\/bkhana.cz\/wp-content\/uploads\/2024\/12\/dilna-150x150.jpg 150w, https:\/\/bkhana.cz\/wp-content\/uploads\/2024\/12\/dilna-768x768.jpg 768w, https:\/\/bkhana.cz\/wp-content\/uploads\/2024\/12\/dilna.jpg 1280w\" sizes=\"(max-width: 300px) 100vw, 300px\" \/>\t\t\t\t\t\t\t\t<\/a>\n\t\t\t\t\t\t\t\t\t\t\t\t\t\t\t<\/div>\n\t\t\t\t<\/div>\n\t\t\t\t<div class=\"elementor-element elementor-element-2c9d6be elementor-widget elementor-widget-heading\" data-id=\"2c9d6be\" data-element_type=\"widget\" data-e-type=\"widget\" data-widget_type=\"heading.default\">\n\t\t\t\t<div class=\"elementor-widget-container\">\n\t\t\t\t\t<h5 class=\"elementor-heading-title elementor-size-default\"><a href=\"https:\/\/bkhana.cz\/?page_id=233\">Voln\u00e1 d\u00edlna 2026<\/a><\/h5>\t\t\t\t<\/div>\n\t\t\t\t<\/div>\n\t\t\t\t<\/div>\n\t\t\t\t\t<\/div>\n\t\t\t\t<\/div>\n\t\t<div class=\"elementor-element elementor-element-d62717d e-flex e-con-boxed e-con e-parent\" data-id=\"d62717d\" data-element_type=\"container\" data-e-type=\"container\" id=\"fotogalerie\">\n\t\t\t\t\t<div class=\"e-con-inner\">\n\t\t<div class=\"elementor-element elementor-element-c2a4ec7 e-con-full e-flex e-con e-child\" data-id=\"c2a4ec7\" data-element_type=\"container\" data-e-type=\"container\">\n\t\t\t\t<div class=\"elementor-element elementor-element-8ee140c elementor-widget elementor-widget-text-editor\" data-id=\"8ee140c\" data-element_type=\"widget\" data-e-type=\"widget\" data-widget_type=\"text-editor.default\">\n\t\t\t\t<div class=\"elementor-widget-container\">\n\t\t\t\t\t\t\t\t\t<h2>\u00a0<\/h2><h2 style=\"text-align: center;\">Fotogalerie<\/h2>\t\t\t\t\t\t\t\t<\/div>\n\t\t\t\t<\/div>\n\t\t\t\t<\/div>\n\t\t\t\t\t<\/div>\n\t\t\t\t<\/div>\n\t\t<div class=\"elementor-element elementor-element-319d348 e-flex e-con-boxed e-con e-parent\" data-id=\"319d348\" data-element_type=\"container\" data-e-type=\"container\">\n\t\t\t\t\t<div class=\"e-con-inner\">\n\t\t<div class=\"elementor-element elementor-element-7f3791a e-con-full e-flex e-con e-child\" data-id=\"7f3791a\" data-element_type=\"container\" data-e-type=\"container\">\n\t\t<div class=\"elementor-element elementor-element-6529b13 e-con-full e-flex e-con e-child\" data-id=\"6529b13\" data-element_type=\"container\" data-e-type=\"container\">\n\t\t\t\t<div class=\"elementor-element elementor-element-b523427 elementor-widget__width-initial elementor-widget elementor-widget-text-editor\" data-id=\"b523427\" data-element_type=\"widget\" data-e-type=\"widget\" data-widget_type=\"text-editor.default\">\n\t\t\t\t<div class=\"elementor-widget-container\">\n\t\t\t\t\t\t\t\t\t<h1 style=\"text-align: center;\"><a href=\"https:\/\/bkhana.cz\/?page_id=329\">2025<\/a><\/h1><p style=\"text-align: center;\">\u00a0<\/p>\t\t\t\t\t\t\t\t<\/div>\n\t\t\t\t<\/div>\n\t\t\t\t<\/div>\n\t\t\t\t<\/div>\n\t\t<div class=\"elementor-element elementor-element-6844324 e-con-full e-flex e-con e-child\" data-id=\"6844324\" data-element_type=\"container\" data-e-type=\"container\">\n\t\t<div class=\"elementor-element elementor-element-041882b e-con-full e-flex e-con e-child\" data-id=\"041882b\" data-element_type=\"container\" data-e-type=\"container\">\n\t\t\t\t<div class=\"elementor-element elementor-element-cbea942 elementor-widget elementor-widget-text-editor\" data-id=\"cbea942\" data-element_type=\"widget\" data-e-type=\"widget\" data-widget_type=\"text-editor.default\">\n\t\t\t\t<div class=\"elementor-widget-container\">\n\t\t\t\t\t\t\t\t\t<h1 style=\"text-align: center;\"><a href=\"https:\/\/bkhana.cz\/?page_id=379\">2024<\/a><\/h1><p style=\"text-align: center;\">\u00a0<\/p>\t\t\t\t\t\t\t\t<\/div>\n\t\t\t\t<\/div>\n\t\t\t\t<\/div>\n\t\t\t\t<\/div>\n\t\t<div class=\"elementor-element elementor-element-b4d29b4 e-con-full e-flex e-con e-child\" data-id=\"b4d29b4\" data-element_type=\"container\" data-e-type=\"container\">\n\t\t<div class=\"elementor-element elementor-element-e86fbff e-con-full e-flex e-con e-child\" data-id=\"e86fbff\" data-element_type=\"container\" data-e-type=\"container\">\n\t\t\t\t<div class=\"elementor-element elementor-element-efbc633 elementor-widget elementor-widget-text-editor\" data-id=\"efbc633\" data-element_type=\"widget\" data-e-type=\"widget\" data-widget_type=\"text-editor.default\">\n\t\t\t\t<div class=\"elementor-widget-container\">\n\t\t\t\t\t\t\t\t\t<h1 style=\"text-align: center;\"><a href=\"https:\/\/bkhana.cz\/?page_id=333\">2026<\/a><\/h1><p style=\"text-align: center;\">\u00a0<\/p>\t\t\t\t\t\t\t\t<\/div>\n\t\t\t\t<\/div>\n\t\t\t\t<\/div>\n\t\t\t\t<\/div>\n\t\t\t\t\t<\/div>\n\t\t\t\t<\/div>\n\t\t<div class=\"elementor-element elementor-element-22b048e e-flex e-con-boxed e-con e-parent\" data-id=\"22b048e\" data-element_type=\"container\" data-e-type=\"container\" id=\"kontakty\">\n\t\t\t\t\t<div class=\"e-con-inner\">\n\t\t\t\t<div class=\"elementor-element elementor-element-d95a0f6 elementor-widget elementor-widget-text-editor\" data-id=\"d95a0f6\" data-element_type=\"widget\" data-e-type=\"widget\" id=\"kontakty\" data-widget_type=\"text-editor.default\">\n\t\t\t\t<div class=\"elementor-widget-container\">\n\t\t\t\t\t\t\t\t\t<h2 style=\"padding-right: 40px; text-align: center;\">Kontakty<\/h2><h6 style=\"text-align: center;\"><span style=\"color: #000000;\">Adresa klubu:\u00a0 BONSAI KLUB HAN\u00c1, ZO \u010cZS Prost\u011bjov m\u011bsto, Daliborka 3009\/3, 796 01 Prost\u011bjov 1<\/span><\/h6>\t\t\t\t\t\t\t\t<\/div>\n\t\t\t\t<\/div>\n\t\t<div class=\"elementor-element elementor-element-0062660 e-con-full e-flex e-con e-child\" data-id=\"0062660\" data-element_type=\"container\" data-e-type=\"container\">\n\t\t<div class=\"elementor-element elementor-element-6e7f269 e-con-full e-flex e-con e-child\" data-id=\"6e7f269\" data-element_type=\"container\" data-e-type=\"container\">\n\t\t\t\t<div class=\"elementor-element elementor-element-edb9293 elementor-widget elementor-widget-google_maps\" data-id=\"edb9293\" data-element_type=\"widget\" data-e-type=\"widget\" data-widget_type=\"google_maps.default\">\n\t\t\t\t<div class=\"elementor-widget-container\">\n\t\t\t\t\t\t\t<div class=\"elementor-custom-embed\">\n\t\t\t<iframe loading=\"lazy\"\n\t\t\t\t\tsrc=\"https:\/\/maps.google.com\/maps?q=Daliborka%203009%2F3%2CProst%C4%9Bjov&#038;t=m&#038;z=14&#038;output=embed&#038;iwloc=near\"\n\t\t\t\t\ttitle=\"Daliborka 3009\/3,Prost\u011bjov\"\n\t\t\t\t\taria-label=\"Daliborka 3009\/3,Prost\u011bjov\"\n\t\t\t><\/iframe>\n\t\t<\/div>\n\t\t\t\t\t\t<\/div>\n\t\t\t\t<\/div>\n\t\t\t\t<\/div>\n\t\t\t\t<\/div>\n\t\t\t\t\t<\/div>\n\t\t\t\t<\/div>\n\t\t<div class=\"elementor-element elementor-element-7bb9539 e-flex e-con-boxed e-con e-parent\" data-id=\"7bb9539\" data-element_type=\"container\" data-e-type=\"container\">\n\t\t\t\t\t<div class=\"e-con-inner\">\n\t\t<div class=\"elementor-element elementor-element-87b5708 e-con-full e-flex e-con e-child\" data-id=\"87b5708\" data-element_type=\"container\" data-e-type=\"container\">\n\t\t<div class=\"elementor-element elementor-element-8c95d16 e-con-full e-flex e-con e-child\" data-id=\"8c95d16\" data-element_type=\"container\" data-e-type=\"container\">\n\t\t<div class=\"elementor-element elementor-element-e97675c e-con-full e-flex e-con e-child\" data-id=\"e97675c\" data-element_type=\"container\" data-e-type=\"container\">\n\t\t\t\t<div class=\"elementor-element elementor-element-9134dd9 elementor-widget elementor-widget-text-editor\" data-id=\"9134dd9\" data-element_type=\"widget\" data-e-type=\"widget\" data-widget_type=\"text-editor.default\">\n\t\t\t\t<div class=\"elementor-widget-container\">\n\t\t\t\t\t\t\t\t\t<h6 style=\"text-align: center;\">Nov\u00e1k Stanislav<\/h6><p style=\"text-align: center;\"><span style=\"color: #000000;\">tel: 732 171 017<\/span><\/p><p style=\"text-align: center;\">e-mail: <a href=\"mailto:stano4@seznam.cz\">stano4@seznam.cz<\/a><\/p><p style=\"text-align: center;\">\u00a0<\/p>\t\t\t\t\t\t\t\t<\/div>\n\t\t\t\t<\/div>\n\t\t\t\t<\/div>\n\t\t<div class=\"elementor-element elementor-element-3ed92e5 e-con-full e-flex e-con e-child\" data-id=\"3ed92e5\" data-element_type=\"container\" data-e-type=\"container\">\n\t\t\t\t<div class=\"elementor-element elementor-element-40e0b06 elementor-widget elementor-widget-text-editor\" data-id=\"40e0b06\" data-element_type=\"widget\" data-e-type=\"widget\" data-widget_type=\"text-editor.default\">\n\t\t\t\t<div class=\"elementor-widget-container\">\n\t\t\t\t\t\t\t\t\t<h6 style=\"text-align: center;\">R\u016f\u017ei\u010dkov\u00e1 Milena<\/h6><p style=\"text-align: center;\"><span style=\"color: #000000;\">tel: 606 339 258<br \/><\/span><\/p><p style=\"text-align: center;\">e-mail: <a title=\"mimako2@seznam.cz\" href=\"mailto:mimako2@seznam.cz\">mimako2@seznam.cz<\/a><\/p>\t\t\t\t\t\t\t\t<\/div>\n\t\t\t\t<\/div>\n\t\t\t\t<\/div>\n\t\t<div class=\"elementor-element elementor-element-63f3108 e-con-full e-flex e-con e-child\" data-id=\"63f3108\" data-element_type=\"container\" data-e-type=\"container\">\n\t\t\t\t<div class=\"elementor-element elementor-element-e820686 elementor-widget elementor-widget-text-editor\" data-id=\"e820686\" data-element_type=\"widget\" data-e-type=\"widget\" data-widget_type=\"text-editor.default\">\n\t\t\t\t<div class=\"elementor-widget-container\">\n\t\t\t\t\t\t\t\t\t<h6 style=\"text-align: center;\">Z\u00e1peca Vladislav Ing.<\/h6><p style=\"text-align: center;\"><span style=\"color: #000000;\">tel: 601 228 163<\/span><\/p><p style=\"text-align: center;\">e-mail: <a href=\"mailto:v.zapeca@seznam.cz\">v.zapeca@seznam.cz<\/a><\/p>\t\t\t\t\t\t\t\t<\/div>\n\t\t\t\t<\/div>\n\t\t\t\t<\/div>\n\t\t<div class=\"elementor-element elementor-element-0f0c30b e-con-full e-flex e-con e-child\" data-id=\"0f0c30b\" data-element_type=\"container\" data-e-type=\"container\">\n\t\t\t\t<div class=\"elementor-element elementor-element-3e98883 elementor-widget elementor-widget-text-editor\" data-id=\"3e98883\" data-element_type=\"widget\" data-e-type=\"widget\" data-widget_type=\"text-editor.default\">\n\t\t\t\t<div class=\"elementor-widget-container\">\n\t\t\t\t\t\t\t\t\t<h6 style=\"text-align: center;\">Servus Jaroslav Mgr.<\/h6><p style=\"text-align: center;\"><span style=\"color: #e4f7cd;\">tel:\u00a0<\/span><\/p><p style=\"text-align: center;\">e-mail: <a title=\"jpms@seznam.cz\" href=\"mailto:jpms@seznam.cz\">jpms@volny.cz<\/a><\/p>\t\t\t\t\t\t\t\t<\/div>\n\t\t\t\t<\/div>\n\t\t\t\t<\/div>\n\t\t\t\t<\/div>\n\t\t\t\t<\/div>\n\t\t\t\t\t<\/div>\n\t\t\t\t<\/div>\n\t\t\t\t<\/div>\n\t\t","protected":false},"excerpt":{"rendered":"<p>\u00a0 O n\u00e1s Jsme nad\u0161enci, kamar\u00e1di, sousedi, kter\u00e9 k\u00a0sob\u011b spojila kr\u00e1sa bonsaj\u00ed a touha jim porozum\u011bt. Vznik nad\u0161en\u00ed pro bonsaje [&hellip;]<\/p>\n","protected":false},"author":1,"featured_media":0,"parent":0,"menu_order":0,"comment_status":"closed","ping_status":"closed","template":"","meta":{"site-sidebar-layout":"no-sidebar","site-content-layout":"plain-container","ast-site-content-layout":"","site-content-style":"default","site-sidebar-style":"default","ast-global-header-display":"","ast-banner-title-visibility":"","ast-main-header-display":"","ast-hfb-above-header-display":"","ast-hfb-below-header-display":"","ast-hfb-mobile-header-display":"","site-post-title":"disabled","ast-breadcrumbs-content":"","ast-featured-img":"","footer-sml-layout":"","theme-transparent-header-meta":"enabled","adv-header-id-meta":"","stick-header-meta":"","header-above-stick-meta":"","header-main-stick-meta":"","header-below-stick-meta":"","astra-migrate-meta-layouts":"default","ast-page-background-enabled":"default","ast-page-background-meta":{"desktop":{"background-color":"var(--ast-global-color-4)","background-image":"","background-repeat":"repeat","background-position":"center center","background-size":"auto","background-attachment":"scroll","background-type":"","background-media":"","overlay-type":"","overlay-color":"","overlay-opacity":"","overlay-gradient":""},"tablet":{"background-color":"","background-image":"","background-repeat":"repeat","background-position":"center center","background-size":"auto","background-attachment":"scroll","background-type":"","background-media":"","overlay-type":"","overlay-color":"","overlay-opacity":"","overlay-gradient":""},"mobile":{"background-color":"","background-image":"","background-repeat":"repeat","background-position":"center center","background-size":"auto","background-attachment":"scroll","background-type":"","background-media":"","overlay-type":"","overlay-color":"","overlay-opacity":"","overlay-gradient":""}},"ast-content-background-meta":{"desktop":{"background-color":"var(--ast-global-color-5)","background-image":"","background-repeat":"repeat","background-position":"center center","background-size":"auto","background-attachment":"scroll","background-type":"","background-media":"","overlay-type":"","overlay-color":"","overlay-opacity":"","overlay-gradient":""},"tablet":{"background-color":"var(--ast-global-color-5)","background-image":"","background-repeat":"repeat","background-position":"center center","background-size":"auto","background-attachment":"scroll","background-type":"","background-media":"","overlay-type":"","overlay-color":"","overlay-opacity":"","overlay-gradient":""},"mobile":{"background-color":"var(--ast-global-color-5)","background-image":"","background-repeat":"repeat","background-position":"center center","background-size":"auto","background-attachment":"scroll","background-type":"","background-media":"","overlay-type":"","overlay-color":"","overlay-opacity":"","overlay-gradient":""}},"footnotes":""},"class_list":["post-14","page","type-page","status-publish","hentry"],"_links":{"self":[{"href":"https:\/\/bkhana.cz\/index.php?rest_route=\/wp\/v2\/pages\/14","targetHints":{"allow":["GET"]}}],"collection":[{"href":"https:\/\/bkhana.cz\/index.php?rest_route=\/wp\/v2\/pages"}],"about":[{"href":"https:\/\/bkhana.cz\/index.php?rest_route=\/wp\/v2\/types\/page"}],"author":[{"embeddable":true,"href":"https:\/\/bkhana.cz\/index.php?rest_route=\/wp\/v2\/users\/1"}],"replies":[{"embeddable":true,"href":"https:\/\/bkhana.cz\/index.php?rest_route=%2Fwp%2Fv2%2Fcomments&post=14"}],"version-history":[{"count":276,"href":"https:\/\/bkhana.cz\/index.php?rest_route=\/wp\/v2\/pages\/14\/revisions"}],"predecessor-version":[{"id":939,"href":"https:\/\/bkhana.cz\/index.php?rest_route=\/wp\/v2\/pages\/14\/revisions\/939"}],"wp:attachment":[{"href":"https:\/\/bkhana.cz\/index.php?rest_route=%2Fwp%2Fv2%2Fmedia&parent=14"}],"curies":[{"name":"wp","href":"https:\/\/api.w.org\/{rel}","templated":true}]}}