{"id":142,"date":"2024-12-08T07:59:59","date_gmt":"2024-12-08T07:59:59","guid":{"rendered":"https:\/\/bkhana.cz\/?page_id=142"},"modified":"2024-12-11T14:32:02","modified_gmt":"2024-12-11T14:32:02","slug":"o-nas","status":"publish","type":"page","link":"https:\/\/bkhana.cz\/?page_id=142","title":{"rendered":"O n\u00e1s"},"content":{"rendered":"\t\t<div data-elementor-type=\"wp-page\" data-elementor-id=\"142\" class=\"elementor elementor-142\">\n\t\t\t\t<div class=\"elementor-element elementor-element-42c3f63 e-flex e-con-boxed e-con e-parent\" data-id=\"42c3f63\" data-element_type=\"container\" data-e-type=\"container\">\n\t\t\t\t\t<div class=\"e-con-inner\">\n\t\t\t\t<div class=\"elementor-element elementor-element-b026647 elementor-widget elementor-widget-text-editor\" data-id=\"b026647\" data-element_type=\"widget\" data-e-type=\"widget\" data-widget_type=\"text-editor.default\">\n\t\t\t\t<div class=\"elementor-widget-container\">\n\t\t\t\t\t\t\t\t\t<h2 style=\"text-align: justify;\"><strong>O&nbsp; n\u00e1s<\/strong><\/h2>\n<p style=\"text-align: justify;\">Po\u010d\u00e1tek v\u00fdstavn\u00ed \u010dinnosti a voln\u00e9ho sdru\u017een\u00ed p\u011bstitel\u016f bonsaj\u00ed na Prost\u011bjovsku se vztahuje k v\u00fdstav\u011b po\u0159\u00e1dan\u00e9 kaktus\u00e1\u0159i (ZO \u010cZS Pv1) v r. 1990. P\u0159izvali k n\u00ed p. Milenu R\u016f\u017ei\u010dkovou, zahr\u00e1dk\u00e1\u0159ku a \u010dlenku Bonsai klubu Brno. K n\u00ed se b\u011bhem v\u00fdstavy p\u0159idru\u017eili dosud \u201eutajen\u00ed\u201c p\u011bstitel\u00e9 bonsaj\u00ed (E. Horeck\u00e1, J. Karkanov\u00e1, I.Gon\u010d\u00e1r, J. Zendulkov\u00e1, p. \u0160ulajov\u00e1). Spole\u010dn\u011b se o rok pozd\u011bji povedlo uspo\u0159\u00e1dat v\u00fdstavu jen bonsaj\u00ed v muzeu Prost\u011bjov.<\/p>\n<p style=\"text-align: justify;\">V&nbsp;roce 1999 zorganizovala Milena R\u016f\u017ei\u010dkov\u00e1 dal\u0161\u00ed v\u00fdstavu v&nbsp;s\u00eddle \u010cesk\u00e9ho zahr\u00e1dk\u00e1\u0159sk\u00e9ho svazu na ulici Daliborka \u010d.p.3. Tehdy se do \u010dinosti zapojil i nap\u0159. J. Servus a dal\u0161\u00ed. Vzniklo tak voln\u00e9 sdru\u017een\u00ed bonsajist\u016f, kte\u0159\u00ed se v\u017edy domluvili na term\u00ednu a m\u00edstu dal\u0161\u00ed v\u00fdstavy, nap\u0159. v&nbsp;roce 2000 v&nbsp;kl\u00e1\u0161tern\u00ed zahrad\u011b \u201eU milosrdn\u00fdch brat\u0159\u00ed\u201c na Svatoplukov\u011b ulici. Milena byla i nad\u00e1le hlavn\u00ed organiz\u00e1torkou \u010dinnosti. &nbsp;Nem\u011bli jsme st\u00e1l\u00e9 \u00fato\u010di\u0161t\u011b pro sch\u016fzky ani vhodn\u00e9 v\u00fdstavn\u00ed m\u00edsto. V\u00fdstavy tedy prob\u00edhaly v r\u016fzn\u00fdch bezpe\u010dn\u00fdch zahrad\u00e1ch nebo prostor\u00e1ch, kter\u00e9 n\u00e1m n\u011bkdo ochotn\u011b a bezplatn\u011b dal k&nbsp;dispozici.<\/p>\n<p style=\"text-align: justify;\">Posun ke kvalitn\u011bj\u0161\u00ed \u010dinnosti bonsajist\u016f nastal v&nbsp;lednu r. 2010, kdy jsme se dohodli na ustaven\u00ed Bonsaj klubu Han\u00e1 s&nbsp;t\u00edm, \u017ee jsme se stali \u010dleny \u010cZS &#8211; m\u00edstn\u00ed z\u00e1kladn\u00ed organizace se s\u00eddlem v budov\u011b \u00daS \u010cZS na Daliborce v Prost\u011bjov\u011b. Z\u00edskali jsme tak klubovou m\u00edstnost na sch\u016fzky a po\u0159\u00e1d\u00e1n\u00ed voln\u00fdch d\u00edlen &#8211; tvarov\u00e1n\u00ed bonsaj\u00ed jak pro \u010dleny, tak pro ka\u017ed\u00e9ho z\u00e1jemce. Na tyto akce zveme zku\u0161en\u00e9 lektory &#8211; Pavel Slov\u00e1k, Jan Bu\u010dil, Petr Hron, Josef Sirotn\u00fd.<\/p>\n<p style=\"text-align: justify;\">Je\u0161t\u011b p\u0159ed vznikem klubu a samoz\u0159ejm\u011b i po jeho vzniku jsme uspo\u0159\u00e1dali \u0159adu v\u00fdstav v&nbsp;Prost\u011bjov\u011b a v okoln\u00edch obc\u00edch. Z vlastn\u00ed iniciativy tak na\u0161i p\u011bstitel\u00e9 vystavovali opakovan\u011b v l\u00e1zn\u00edch Slatinice, na z\u00e1mku dr. Belcrediho v Brodku u Prost\u011bjova, na z\u00e1mku Plumlov, \u010cechy p.Kos\u00ed\u0159em, ve farsk\u00e9 zahrad\u011b N\u011bm\u010dice n.H., Vrb\u00e1tky, v muzeu Boskovice a hlavn\u011b na z\u00e1mku Konice &#8211; tam od r. 2004 vystavujeme tradi\u010dn\u011b ka\u017edoro\u010dn\u011b.<\/p>\n<p style=\"text-align: justify;\">Na pozv\u00e1n\u00ed zahr\u00e1dk\u00e1\u0159\u016f nebo veden\u00ed m\u011bsta jsme uspo\u0159\u00e1dali men\u0161\u00ed v\u00fdstavy ve Smr\u017eic\u00edch, Vranovic\u00edch, Rous\u00ednov\u011b, Uni\u010dov\u011b, dv\u011b mal\u00e9, autorsk\u00e9 v\u00fdstavy prob\u011bhly v Niv\u011b a jedna v &nbsp;Mostkovic\u00edch.<\/p>\n<p style=\"text-align: justify;\">Co dva roky se \u00fa\u010dastn\u00edme okresn\u00edch v\u00fdstav \u010cZS v \u010cel\u010dic\u00edch a ka\u017edoro\u010dn\u011b jsme zv\u00e1ni na Den \u017eivotn\u00edho prost\u0159ed\u00ed, kter\u00fd po\u0159\u00e1daj\u00ed Ochr\u00e1nci p\u0159\u00edrody IRIS Pv.<\/p>\n<p style=\"text-align: justify;\">V\u00fdznamn\u00e9 bylo pozv\u00e1n\u00ed z \u00fast\u0159ed\u00ed svazu zahr\u00e1dk\u00e1\u0159\u016f k vystaven\u00ed na\u0161ich bonsaj\u00ed v pavilonu A b\u011bhem v\u00fdstavy Flora Olomouc. Dal\u0161\u00ed rok vystavovali n\u011bkte\u0159\u00ed \u010dlenov\u00e9 sv\u00e9 nejlep\u0161\u00ed bonsaje na mezin\u00e1rodn\u00ed v\u00fdstav\u011b \u010cBA a EBA, kter\u00e1 byla sou\u010d\u00e1st\u00ed Flory Olomouc.<\/p>\n<p style=\"text-align: justify;\">Na pozv\u00e1n\u00ed jsme uspo\u0159\u00e1dali v\u00fdstavu v zahradnictv\u00ed FLORCENTER Olomouc, ta byla obohacena p\u0159edn\u00e1\u0161kami a tvarov\u00e1n\u00edm vlastn\u00edch borovic. Sklidila velk\u00fd \u00fasp\u011bch.<\/p>\n<p style=\"text-align: justify;\">Zpo\u010d\u00e1tku byli na\u0161imi \u010dleny bonsajist\u00e9 z Vy\u0161kovska, kte\u0159\u00ed se postupn\u011b se osamostatnili. D\u016fle\u017eit\u00e9 v\u0161ak je, \u017ee zorganizovali n\u011bkolik velk\u00fdch a velmi \u00fasp\u011b\u0161n\u00fdch v\u00fdstav ve Vy\u0161kov\u011b a na z\u00e1mku v Bu\u010dovic\u00edch.<\/p>\n<p style=\"text-align: justify;\">T\u00e9m\u011b\u0159 na v\u0161ech v\u00fdstav\u00e1ch se k n\u00e1m p\u0159idru\u017eili nov\u00ed a mlad\u00ed z\u00e1jemci, co\u017e krom\u011b osv\u011btov\u00e9 \u010dinnosti pro ve\u0159ejnost vn\u00edm\u00e1me jako p\u0159\u00edslib del\u0161\u00edho fungov\u00e1n\u00ed klubu.<\/p>\n<p style=\"text-align: justify;\">Krom\u011b t\u011bchto akc\u00ed po\u0159\u00e1d\u00e1me z\u00e1jezdy nebo se z\u00fa\u010dastn\u00edme z\u00e1jezd\u016f do m\u00edst s bonsajovou t\u00e9matikou v \u010cR i sousedn\u00edch zem\u00edch.<\/p>\n<p style=\"text-align: justify;\">V pr\u016fb\u011bhu v\u0161ech let odprezentovali na\u0161i \u010dlenov\u00e9 n\u011bkolik p\u0159edn\u00e1\u0161ek nejen na v\u00fdstav\u00e1ch, ale tak\u00e9 nap\u0159. v muzeu Prost\u011bjova a v Konfuciov\u011b akademii p\u0159i UP Olomouc.<\/p>\n<p style=\"text-align: justify;\">Na\u0161e v\u00fdstavy nav\u0161t\u00edvily zn\u00e1m\u00e9 osobnosti, nap\u0159. moder\u00e1tor Vladim\u00edr \u010cech, p\u0159edsedkyn\u011b klubu Prot\u011b\u017e Olomouc, p. \u017d\u00e1kovychov\u00e1, sen\u00e1torka Bo\u017eena Sekaninov\u00e1, p\u0159edseda \u00daS \u010cZS p. Kozl\u00edk, tak\u00e9 z\u00e1stupci m\u011bsta &#8211; p. Ra\u0161kov\u00e1, M. Sokolov\u00e1, P. Dopita, J. G\u00e1borov\u00e1.&nbsp; Novin\u00e1\u0159i r\u016fzn\u00fdch novin (i on-line) jsou \u010dast\u00fdmi n\u00e1v\u0161t\u011bvn\u00edky.<\/p>\n<p style=\"text-align: justify;\">Na\u0161e \u010dinnost je zaznamen\u00e1na v kronik\u00e1ch od sam\u00e9ho po\u010d\u00e1tku. M\u00e1me tam mnoho pochvaln\u00fdch z\u00e1pis\u016f, \u010dl\u00e1nk\u016f z novin, fotografi\u00ed. Cenn\u00e9 jsou i \u0159\u00e1dky od p. V\u011bny Hrdli\u010dkov\u00e9, jej\u00ed\u017e p\u0159edn\u00e1\u0161ky na UP se n\u011bkte\u0159\u00ed \u010dlenov\u00e9 z\u00fa\u010dastnili.<\/p>\n<p style=\"text-align: justify;\">Kroniky (4 knihy) jsou k nahl\u00e9dnut\u00ed v klubovn\u011b na Daliborce, ob\u010das na v\u00fdstav\u00e1ch.<\/p>\n<p style=\"text-align: justify;\">Ve\u0161ker\u00e1 na\u0161e \u010dinnost by se neobe\u0161la bez ochoty zapojit se do pr\u00e1ce bez n\u00e1rok\u016f na odm\u011bnu, jen pro pocit uspokojen\u00ed z&nbsp;vlastn\u00ed tvorby a mo\u017enosti ji p\u0159edstavit na ve\u0159ejnosti.&nbsp; Na fotografi\u00edch v&nbsp;kronik\u00e1ch je vid\u011bt, jak daleko jsme b\u011bhem t\u011bch let pokro\u010dili v kvalit\u011b na\u0161ich strom\u016f a jak se zv\u00fd\u0161ila \u00farove\u0148 v\u00fdstav Sch\u016fzky a voln\u00e9 d\u00edlny se zku\u0161en\u00fdmi lektory pom\u00e1haj\u00ed zejm\u00e9na mlad\u0161\u00edm \u010dlen\u016fm ale i star\u0161\u00edm v&nbsp;rozvoji um\u011bn\u00ed tvarovat stromy. Setk\u00e1v\u00e1n\u00ed se a v\u00fdm\u011bny n\u00e1zor\u016f jsou nenahraditeln\u00e9.<\/p>\n<p style=\"text-align: justify;\">Jako dal\u0161\u00ed jsme spustili str\u00e1nky <a href=\"http:\/\/www.bkhana.cz\">www.bkhana.cz<\/a>.&nbsp;<\/p>\n<p style=\"text-align: justify;\">\n<\/p>\t\t\t\t\t\t\t\t<\/div>\n\t\t\t\t<\/div>\n\t\t\t\t\t<\/div>\n\t\t\t\t<\/div>\n\t\t\t\t<\/div>\n\t\t","protected":false},"excerpt":{"rendered":"<p>O&nbsp; n\u00e1s Po\u010d\u00e1tek v\u00fdstavn\u00ed \u010dinnosti a voln\u00e9ho sdru\u017een\u00ed p\u011bstitel\u016f bonsaj\u00ed na Prost\u011bjovsku se vztahuje k v\u00fdstav\u011b po\u0159\u00e1dan\u00e9 kaktus\u00e1\u0159i (ZO \u010cZS [&hellip;]<\/p>\n","protected":false},"author":1,"featured_media":0,"parent":0,"menu_order":0,"comment_status":"closed","ping_status":"closed","template":"","meta":{"site-sidebar-layout":"no-sidebar","site-content-layout":"","ast-site-content-layout":"full-width-container","site-content-style":"default","site-sidebar-style":"default","ast-global-header-display":"","ast-banner-title-visibility":"","ast-main-header-display":"","ast-hfb-above-header-display":"","ast-hfb-below-header-display":"","ast-hfb-mobile-header-display":"","site-post-title":"disabled","ast-breadcrumbs-content":"","ast-featured-img":"disabled","footer-sml-layout":"","theme-transparent-header-meta":"","adv-header-id-meta":"","stick-header-meta":"","header-above-stick-meta":"","header-main-stick-meta":"","header-below-stick-meta":"","astra-migrate-meta-layouts":"default","ast-page-background-enabled":"default","ast-page-background-meta":{"desktop":{"background-color":"var(--ast-global-color-4)","background-image":"","background-repeat":"repeat","background-position":"center center","background-size":"auto","background-attachment":"scroll","background-type":"","background-media":"","overlay-type":"","overlay-color":"","overlay-opacity":"","overlay-gradient":""},"tablet":{"background-color":"","background-image":"","background-repeat":"repeat","background-position":"center center","background-size":"auto","background-attachment":"scroll","background-type":"","background-media":"","overlay-type":"","overlay-color":"","overlay-opacity":"","overlay-gradient":""},"mobile":{"background-color":"","background-image":"","background-repeat":"repeat","background-position":"center center","background-size":"auto","background-attachment":"scroll","background-type":"","background-media":"","overlay-type":"","overlay-color":"","overlay-opacity":"","overlay-gradient":""}},"ast-content-background-meta":{"desktop":{"background-color":"var(--ast-global-color-5)","background-image":"","background-repeat":"repeat","background-position":"center center","background-size":"auto","background-attachment":"scroll","background-type":"","background-media":"","overlay-type":"","overlay-color":"","overlay-opacity":"","overlay-gradient":""},"tablet":{"background-color":"var(--ast-global-color-5)","background-image":"","background-repeat":"repeat","background-position":"center center","background-size":"auto","background-attachment":"scroll","background-type":"","background-media":"","overlay-type":"","overlay-color":"","overlay-opacity":"","overlay-gradient":""},"mobile":{"background-color":"var(--ast-global-color-5)","background-image":"","background-repeat":"repeat","background-position":"center center","background-size":"auto","background-attachment":"scroll","background-type":"","background-media":"","overlay-type":"","overlay-color":"","overlay-opacity":"","overlay-gradient":""}},"footnotes":""},"class_list":["post-142","page","type-page","status-publish","hentry"],"_links":{"self":[{"href":"https:\/\/bkhana.cz\/index.php?rest_route=\/wp\/v2\/pages\/142","targetHints":{"allow":["GET"]}}],"collection":[{"href":"https:\/\/bkhana.cz\/index.php?rest_route=\/wp\/v2\/pages"}],"about":[{"href":"https:\/\/bkhana.cz\/index.php?rest_route=\/wp\/v2\/types\/page"}],"author":[{"embeddable":true,"href":"https:\/\/bkhana.cz\/index.php?rest_route=\/wp\/v2\/users\/1"}],"replies":[{"embeddable":true,"href":"https:\/\/bkhana.cz\/index.php?rest_route=%2Fwp%2Fv2%2Fcomments&post=142"}],"version-history":[{"count":11,"href":"https:\/\/bkhana.cz\/index.php?rest_route=\/wp\/v2\/pages\/142\/revisions"}],"predecessor-version":[{"id":225,"href":"https:\/\/bkhana.cz\/index.php?rest_route=\/wp\/v2\/pages\/142\/revisions\/225"}],"wp:attachment":[{"href":"https:\/\/bkhana.cz\/index.php?rest_route=%2Fwp%2Fv2%2Fmedia&parent=142"}],"curies":[{"name":"wp","href":"https:\/\/api.w.org\/{rel}","templated":true}]}}